{"id":3,"date":"2020-07-18T11:57:49","date_gmt":"2020-07-18T09:57:49","guid":{"rendered":"https:\/\/shinesally.at\/wordpress\/?page_id=3"},"modified":"2023-05-16T21:28:29","modified_gmt":"2023-05-16T19:28:29","slug":"datenschutzerklaerung","status":"publish","type":"page","link":"https:\/\/shinesally.at\/en\/datenschutzerklaerung\/","title":{"rendered":"Impressum \/ Imprint"},"content":{"rendered":"<div data-elementor-type=\"wp-page\" data-elementor-id=\"3\" class=\"elementor elementor-3\">\n\t\t\t\t\t\t<section class=\"elementor-section elementor-top-section elementor-element elementor-element-537df21 elementor-section-boxed elementor-section-height-default elementor-section-height-default\" data-id=\"537df21\" data-element_type=\"section\">\n\t\t\t\t\t\t<div class=\"elementor-container elementor-column-gap-default\">\n\t\t\t\t\t<div class=\"elementor-column elementor-col-100 elementor-top-column elementor-element elementor-element-59e5dc1\" data-id=\"59e5dc1\" data-element_type=\"column\">\n\t\t\t<div class=\"elementor-widget-wrap elementor-element-populated\">\n\t\t\t\t\t\t<div class=\"elementor-element elementor-element-33ac8fe elementor-widget elementor-widget-heading\" data-id=\"33ac8fe\" data-element_type=\"widget\" data-widget_type=\"heading.default\">\n\t\t\t\t<div class=\"elementor-widget-container\">\n\t\t\t<h2 class=\"elementor-heading-title elementor-size-default\">Impressum \/ Imprint<\/h2>\t\t<\/div>\n\t\t\t\t<\/div>\n\t\t\t\t\t<\/div>\n\t\t<\/div>\n\t\t\t\t\t<\/div>\n\t\t<\/section>\n\t\t\t\t<section class=\"elementor-section elementor-top-section elementor-element elementor-element-56f50431 elementor-section-boxed elementor-section-height-default elementor-section-height-default\" data-id=\"56f50431\" data-element_type=\"section\">\n\t\t\t\t\t\t<div class=\"elementor-container elementor-column-gap-default\">\n\t\t\t\t\t<div class=\"elementor-column elementor-col-100 elementor-top-column elementor-element elementor-element-717e2af7\" data-id=\"717e2af7\" data-element_type=\"column\">\n\t\t\t<div class=\"elementor-widget-wrap elementor-element-populated\">\n\t\t\t\t\t\t<div class=\"elementor-element elementor-element-5695b49 elementor-widget elementor-widget-text-editor\" data-id=\"5695b49\" data-element_type=\"widget\" data-widget_type=\"text-editor.default\">\n\t\t\t\t<div class=\"elementor-widget-container\">\n\t\t\t\t\t\t\t<p><!-- wp:paragraph --><\/p>\n<p>Shine Sally <br>4040 Linz<br>AUSTRIA<br><a href=\"mailto:contact@shinesally.at\">contact@shinesally.at<\/a><\/p>\n<p><!-- \/wp:paragraph --><\/p>\n<p><!-- wp:heading {\"level\":4} --><\/p>\n<h4>Deutsch<\/h4>\n<p><!-- \/wp:heading --><\/p>\n<p><!-- wp:paragraph --><\/p>\n<p>Bilder und Grafiken dieser Seite d\u00fcrfen nur nach ausdr\u00fccklicher Genehmigung der Eigent\u00fcmer verwendet werden.<br>Wir \u00fcbernehmen f\u00fcr die Richtigkeit und Vollst\u00e4ndigkeit der Inhalte keine Garantie.<br>Sollten Ihnen Fehler im Inhalt auffallen, bitten wir Sie uns umgehend zu kontaktieren.<br>Aus den Inhalten dieser Internetseiten k\u00f6nnen sich auch keine Rechtsanspr\u00fcche ergeben.<br>Wir identifizieren uns nicht mit dem Inhalt der Seiten, bzw. Unterseiten auf die gelinkt wird und \u00fcbernehmen daf\u00fcr keine Haftung.<\/p>\n<p><!-- \/wp:paragraph --><\/p>\n<p><!-- wp:heading {\"level\":4} --><\/p>\n<h4>English<\/h4>\n<p><!-- \/wp:heading --><\/p>\n<p><!-- wp:paragraph --><\/p>\n<p>The contents of our pages have been created with the utmost care. However, we cannot guarantee the contents\u2018 accuracy, completeness or topicality.<\/p>\n<p><!-- \/wp:paragraph --><\/p>\n<p><!-- wp:paragraph --><\/p>\n<p>Responsibility for the content of external links (to web pages of third parties) lies solely with the operators of the linked pages.<br>No violations were evident to us at the time of linking. Should any legal infringement become known to us, we will remove the respective link immediately.<\/p><p>Website data analyzed by Google Analytics.&nbsp;<a href=\"https:\/\/shinesally.at\/en\/google_analy.html\/\">Terms<\/a><\/p>\n<p><!-- \/wp:paragraph --><\/p>\t\t\t\t\t\t<\/div>\n\t\t\t\t<\/div>\n\t\t\t\t\t<\/div>\n\t\t<\/div>\n\t\t\t\t\t<\/div>\n\t\t<\/section>\n\t\t\t\t<\/div>","protected":false},"excerpt":{"rendered":"<p>Impressum \/ Imprint Shine Sally 4040 LinzAUSTRIAcontact@shinesally.at Deutsch Bilder und Grafiken dieser Seite d\u00fcrfen nur nach ausdr\u00fccklicher Genehmigung der Eigent\u00fcmer verwendet werden.Wir \u00fcbernehmen f\u00fcr die Richtigkeit und Vollst\u00e4ndigkeit der Inhalte keine Garantie.Sollten Ihnen Fehler im Inhalt auffallen, bitten wir Sie uns umgehend zu kontaktieren.Aus den Inhalten dieser Internetseiten k\u00f6nnen sich auch keine Rechtsanspr\u00fcche ergeben.Wir identifizieren [&hellip;]<\/p>\n","protected":false},"author":1,"featured_media":0,"parent":0,"menu_order":0,"comment_status":"closed","ping_status":"open","template":"elementor_header_footer","meta":[],"_links":{"self":[{"href":"https:\/\/shinesally.at\/en\/wp-json\/wp\/v2\/pages\/3"}],"collection":[{"href":"https:\/\/shinesally.at\/en\/wp-json\/wp\/v2\/pages"}],"about":[{"href":"https:\/\/shinesally.at\/en\/wp-json\/wp\/v2\/types\/page"}],"author":[{"embeddable":true,"href":"https:\/\/shinesally.at\/en\/wp-json\/wp\/v2\/users\/1"}],"replies":[{"embeddable":true,"href":"https:\/\/shinesally.at\/en\/wp-json\/wp\/v2\/comments?post=3"}],"version-history":[{"count":4,"href":"https:\/\/shinesally.at\/en\/wp-json\/wp\/v2\/pages\/3\/revisions"}],"predecessor-version":[{"id":404,"href":"https:\/\/shinesally.at\/en\/wp-json\/wp\/v2\/pages\/3\/revisions\/404"}],"wp:attachment":[{"href":"https:\/\/shinesally.at\/en\/wp-json\/wp\/v2\/media?parent=3"}],"curies":[{"name":"wp","href":"https:\/\/api.w.org\/{rel}","templated":true}]}}